{"id":5639,"date":"2024-11-02T19:24:03","date_gmt":"2024-11-02T19:24:03","guid":{"rendered":"https:\/\/andrisr.com\/privacy-policy-2\/"},"modified":"2024-11-02T21:12:23","modified_gmt":"2024-11-02T21:12:23","slug":"privatuma-politika","status":"publish","type":"page","link":"https:\/\/andrisr.com\/lv\/privatuma-politika\/","title":{"rendered":"Priv\u0101tuma politika"},"content":{"rendered":"[vc_row type=&#8221;full_width_background&#8221; full_screen_row_position=&#8221;middle&#8221; column_margin=&#8221;default&#8221; column_direction=&#8221;default&#8221; column_direction_tablet=&#8221;default&#8221; column_direction_phone=&#8221;default&#8221; bg_color=&#8221;#000000&#8243; scene_position=&#8221;center&#8221; text_color=&#8221;light&#8221; text_align=&#8221;left&#8221; row_border_radius=&#8221;none&#8221; row_border_radius_applies=&#8221;bg&#8221; overflow=&#8221;visible&#8221; color_overlay=&#8221;#000000&#8243; overlay_strength=&#8221;0.8&#8243; gradient_direction=&#8221;left_to_right&#8221; shape_divider_position=&#8221;bottom&#8221; bg_image_animation=&#8221;none&#8221; parallax_bg=&#8221;true&#8221; parallax_bg_speed=&#8221;medium_fast&#8221; gradient_type=&#8221;default&#8221; shape_type=&#8221;&#8221;][vc_column column_padding=&#8221;no-extra-padding&#8221; column_padding_tablet=&#8221;inherit&#8221; column_padding_phone=&#8221;inherit&#8221; column_padding_position=&#8221;all&#8221; top_margin=&#8221;9%&#8221; top_margin_tablet=&#8221;23%&#8221; top_margin_phone=&#8221;28%&#8221; bottom_margin_phone=&#8221;18%&#8221; column_element_direction_desktop=&#8221;default&#8221; column_element_spacing=&#8221;default&#8221; desktop_text_alignment=&#8221;left&#8221; tablet_text_alignment=&#8221;default&#8221; phone_text_alignment=&#8221;center&#8221; background_color_opacity=&#8221;1&#8243; background_hover_color_opacity=&#8221;1&#8243; column_backdrop_filter=&#8221;none&#8221; column_shadow=&#8221;none&#8221; column_border_radius=&#8221;none&#8221; column_link_target=&#8221;_self&#8221; column_position=&#8221;default&#8221; gradient_direction=&#8221;left_to_right&#8221; overlay_strength=&#8221;0.3&#8243; width=&#8221;1\/1&#8243; tablet_width_inherit=&#8221;default&#8221; animation_type=&#8221;default&#8221; bg_image_animation=&#8221;none&#8221; border_type=&#8221;simple&#8221; column_border_width=&#8221;none&#8221; column_border_style=&#8221;solid&#8221; column_padding_type=&#8221;default&#8221; gradient_type=&#8221;default&#8221;][vc_row_inner column_margin=&#8221;default&#8221; column_direction=&#8221;default&#8221; column_direction_tablet=&#8221;default&#8221; column_direction_phone=&#8221;default&#8221; text_align=&#8221;left&#8221; row_position=&#8221;default&#8221; row_position_tablet=&#8221;inherit&#8221; row_position_phone=&#8221;inherit&#8221; overflow=&#8221;visible&#8221; pointer_events=&#8221;all&#8221;][vc_column_inner column_padding=&#8221;no-extra-padding&#8221; column_padding_tablet=&#8221;inherit&#8221; column_padding_phone=&#8221;inherit&#8221; column_padding_position=&#8221;all&#8221; bottom_margin=&#8221;-13&#8243; column_element_direction_desktop=&#8221;default&#8221; column_element_spacing=&#8221;default&#8221; desktop_text_alignment=&#8221;default&#8221; tablet_text_alignment=&#8221;default&#8221; phone_text_alignment=&#8221;default&#8221; background_color_opacity=&#8221;1&#8243; background_hover_color_opacity=&#8221;1&#8243; column_backdrop_filter=&#8221;none&#8221; column_shadow=&#8221;none&#8221; column_border_radius=&#8221;none&#8221; column_link_target=&#8221;_self&#8221; overflow=&#8221;visible&#8221; gradient_direction=&#8221;left_to_right&#8221; overlay_strength=&#8221;0.3&#8243; width=&#8221;2\/3&#8243; tablet_width_inherit=&#8221;default&#8221; animation_type=&#8221;default&#8221; bg_image_animation=&#8221;none&#8221; border_type=&#8221;simple&#8221; column_border_width=&#8221;none&#8221; column_border_style=&#8221;solid&#8221; column_padding_type=&#8221;default&#8221; gradient_type=&#8221;default&#8221;][vc_custom_heading text=&#8221;Priv\u0101tuma politika&#8221; font_container=&#8221;tag:h1|text_align:left&#8221; use_theme_fonts=&#8221;yes&#8221; css=&#8221;&#8221;][\/vc_column_inner][\/vc_row_inner][vc_column_text css=&#8221;&#8221; text_direction=&#8221;default&#8221;]Par s\u012bkfailiem, fotogr\u0101fiju un att\u0113lu izmanto\u0161anu, k\u0101 ar\u012b cita noder\u012bga inform\u0101cija.[\/vc_column_text][divider line_type=&#8221;No Line&#8221; custom_height=&#8221;31&#8243; custom_height_tablet=&#8221;21&#8243;][\/vc_column][\/vc_row][vc_row type=&#8221;in_container&#8221; full_screen_row_position=&#8221;middle&#8221; column_margin=&#8221;40px&#8221; column_direction=&#8221;default&#8221; column_direction_tablet=&#8221;default&#8221; column_direction_phone=&#8221;default&#8221; scene_position=&#8221;center&#8221; top_padding=&#8221;74&#8243; bottom_padding=&#8221;40&#8243; top_padding_tablet=&#8221;57&#8243; bottom_padding_tablet=&#8221;18&#8243; top_padding_phone=&#8221;54&#8243; bottom_padding_phone=&#8221;14&#8243; bottom_margin=&#8221;-1&#8243; bottom_margin_tablet=&#8221;-1&#8243; bottom_margin_phone=&#8221;-1&#8243; text_color=&#8221;dark&#8221; text_align=&#8221;left&#8221; row_border_radius=&#8221;none&#8221; row_border_radius_applies=&#8221;bg&#8221; overflow=&#8221;visible&#8221; overlay_strength=&#8221;0.3&#8243; gradient_direction=&#8221;left_to_right&#8221; shape_divider_position=&#8221;bottom&#8221; bg_image_animation=&#8221;none&#8221; gradient_type=&#8221;default&#8221; shape_type=&#8221;&#8221;][vc_column column_padding=&#8221;no-extra-padding&#8221; column_padding_tablet=&#8221;inherit&#8221; column_padding_phone=&#8221;inherit&#8221; column_padding_position=&#8221;all&#8221; column_element_direction_desktop=&#8221;default&#8221; column_element_spacing=&#8221;default&#8221; desktop_text_alignment=&#8221;default&#8221; tablet_text_alignment=&#8221;default&#8221; phone_text_alignment=&#8221;default&#8221; background_color_opacity=&#8221;1&#8243; background_hover_color_opacity=&#8221;1&#8243; column_backdrop_filter=&#8221;none&#8221; column_shadow=&#8221;none&#8221; column_border_radius=&#8221;none&#8221; column_link_target=&#8221;_self&#8221; column_position=&#8221;default&#8221; gradient_direction=&#8221;left_to_right&#8221; overlay_strength=&#8221;0.3&#8243; width=&#8221;1\/1&#8243; tablet_width_inherit=&#8221;default&#8221; animation_type=&#8221;default&#8221; bg_image_animation=&#8221;none&#8221; border_type=&#8221;simple&#8221; column_border_width=&#8221;none&#8221; column_border_style=&#8221;solid&#8221;][vc_custom_heading text=&#8221;S\u012bkdat\u0146u izmanto\u0161anas nepiecie\u0161am\u012bba&#8221; font_container=&#8221;tag:h3|text_align:left&#8221; use_theme_fonts=&#8221;yes&#8221; css=&#8221;&#8221;][divider line_type=&#8221;No Line&#8221; custom_height=&#8221;21&#8243; custom_height_tablet=&#8221;19&#8243;][vc_column_text css=&#8221;&#8221; text_direction=&#8221;default&#8221;]S\u012bkdatnes \u013cauj m\u0101jaslapai andrisr.com, izmantojot savu serveri, nodro\u0161in\u0101t lietot\u0101jiem piel\u0101gotu pieredzi. Lietot\u0101ji tiek br\u012bdin\u0101ti, ka, ja vi\u0146i v\u0113las aizliegt andrisr.com s\u012bkdat\u0146u izmanto\u0161anu un glab\u0101\u0161anu sava datora cietaj\u0101 disk\u0101, vi\u0146iem vispirms ir j\u0101veic nepiecie\u0161am\u0101s darb\u012bbas t\u012bmek\u013ca p\u0101rl\u016bkprogrammas dro\u0161\u012bbas iestat\u012bjumos vai j\u0101izmanto vad\u012bbas sist\u0113ma, ja t\u0101da ir pieejama pirmaj\u0101 andrisr.com apmekl\u0113jum\u0101. Liel\u0101k\u0101 da\u013ca p\u0101rl\u016bkprogrammu p\u0113c noklus\u0113juma pie\u0146em s\u012bkdatnes, jo t\u0101s ir nepiecie\u0161amas, lai m\u0101jaslapa darbotos pareizi. Da\u017e\u0101das t\u012bmek\u013ca p\u0101rl\u016bkprogrammas var izmantot da\u017e\u0101das s\u012bkdat\u0146u p\u0101rvald\u012bbas metodes, k\u0101 ar\u012b to dz\u0113\u0161anu un blo\u0137\u0113\u0161anu p\u0113c nepiecie\u0161am\u012bbas.[\/vc_column_text][divider line_type=&#8221;No Line&#8221; custom_height=&#8221;20&#8243; custom_height_tablet=&#8221;10&#8243; custom_height_phone=&#8221;9&#8243;][vc_custom_heading text=&#8221;Fotogr\u0101fijas un att\u0113li m\u0101jaslap\u0101&#8221; font_container=&#8221;tag:h3|text_align:left&#8221; use_theme_fonts=&#8221;yes&#8221; css=&#8221;&#8221;][divider line_type=&#8221;No Line&#8221; custom_height=&#8221;21&#8243; custom_height_tablet=&#8221;19&#8243;][vc_column_text css=&#8221;&#8221; text_direction=&#8221;default&#8221;]Fotoatt\u0113lu un att\u0113lu lejupiel\u0101de vai izmanto\u0161ana no m\u0101jaslapas andrisr.com ir aizliegta; ir at\u013cauta tikai sai\u0161u koplieto\u0161ana. Ja v\u0113laties izmantot fotogr\u0101fijas vai att\u0113lus no andrisr.com, l\u016bdzu, vispirms <span style=\"color: #000000;\"><a style=\"color: #000000;\" href=\"mailto:andris@andrisr.com\"><u>sazinieties<\/u><\/a><\/span> ar andrisr.com.[\/vc_column_text][divider line_type=&#8221;No Line&#8221; custom_height=&#8221;20&#8243; custom_height_tablet=&#8221;10&#8243; custom_height_phone=&#8221;9&#8243;][vc_custom_heading text=&#8221;Personas datu izmanto\u0161ana un saglab\u0101\u0161ana&#8221; font_container=&#8221;tag:h3|text_align:left&#8221; use_theme_fonts=&#8221;yes&#8221; css=&#8221;&#8221;][divider line_type=&#8221;No Line&#8221; custom_height=&#8221;21&#8243; custom_height_tablet=&#8221;19&#8243;][vc_column_text css=&#8221;&#8221; text_direction=&#8221;default&#8221;]Personas dati tiek glab\u0101ti tikai tik ilgi andrisr.com, cik nepiecie\u0161ams to v\u0101k\u0161anas m\u0113r\u0137a sasnieg\u0161anai, k\u0101 piem\u0113ram r\u0113\u0137inu izrakst\u012b\u0161anai, pas\u016btijumu noform\u0113\u0161anai utt. Dati, kas vairs nav nepiecie\u0161ami m\u0113r\u0137a sasnieg\u0161anai, tiek dz\u0113sti.[\/vc_column_text][divider line_type=&#8221;No Line&#8221; custom_height=&#8221;20&#8243; custom_height_tablet=&#8221;10&#8243; custom_height_phone=&#8221;9&#8243;][vc_custom_heading text=&#8221;\u0100r\u0113j\u0101s t\u012bmek\u013ca vietnes un tre\u0161o pu\u0161u saites&#8221; font_container=&#8221;tag:h3|text_align:left&#8221; use_theme_fonts=&#8221;yes&#8221; css=&#8221;&#8221;][divider line_type=&#8221;No Line&#8221; custom_height=&#8221;21&#8243; custom_height_tablet=&#8221;19&#8243;][vc_column_text css=&#8221;&#8221; text_direction=&#8221;default&#8221;]Andrisr.com izmanto URL sa\u012bsin\u0101\u0161anas pa\u0146\u0113mienus, ko t\u012bmekl\u012b izmanto, lai sa\u012bsin\u0101tu vietr\u0101\u017eus URL (vienotos resursu mekl\u0113t\u0101jus) uz kaut ko iev\u0113rojami \u012bs\u0101ku. \u0160o pa\u0146\u0113mienu \u012bpa\u0161i izmanto soci\u0101lajos sazi\u0146as l\u012bdzek\u013cos, un tas izskat\u0101s l\u012bdz\u012bgi \u0161im (piem\u0113rs: https:\/\/goo.gl\/usCE7e). Lietot\u0101jiem ir j\u0101iev\u0113ro piesardz\u012bba, pirms noklik\u0161\u0137ina uz tre\u0161o pu\u0161u sait\u0113m vai sa\u012bsin\u0101t\u0101m URL sait\u0113m, un pirms turpin\u0101\u0161anas j\u0101p\u0101rbauda to autentiskums. Andrisr.com nav atbild\u012bgs par tre\u0161o pu\u0161u sait\u0113m.[\/vc_column_text][\/vc_column][\/vc_row]\n","protected":false},"excerpt":{"rendered":"<p>[vc_row type=&#8221;full_width_background&#8221; full_screen_row_position=&#8221;middle&#8221; column_margin=&#8221;default&#8221; column_direction=&#8221;default&#8221; column_direction_tablet=&#8221;default&#8221; column_direction_phone=&#8221;default&#8221; bg_color=&#8221;#000000&#8243; scene_position=&#8221;center&#8221; text_color=&#8221;light&#8221; text_align=&#8221;left&#8221; row_border_radius=&#8221;none&#8221; row_border_radius_applies=&#8221;bg&#8221; overflow=&#8221;visible&#8221; color_overlay=&#8221;#000000&#8243; overlay_strength=&#8221;0.8&#8243; gradient_direction=&#8221;left_to_right&#8221; shape_divider_position=&#8221;bottom&#8221; bg_image_animation=&#8221;none&#8221; parallax_bg=&#8221;true&#8221; parallax_bg_speed=&#8221;medium_fast&#8221; gradient_type=&#8221;default&#8221; shape_type=&#8221;&#8221;][vc_column column_padding=&#8221;no-extra-padding&#8221; column_padding_tablet=&#8221;inherit&#8221; column_padding_phone=&#8221;inherit&#8221; column_padding_position=&#8221;all&#8221; top_margin=&#8221;9%&#8221; top_margin_tablet=&#8221;23%&#8221; top_margin_phone=&#8221;28%&#8221;&#8230;<\/p>\n","protected":false},"author":1,"featured_media":0,"parent":0,"menu_order":0,"comment_status":"closed","ping_status":"closed","template":"","meta":{"inline_featured_image":false,"footnotes":""},"class_list":["post-5639","page","type-page","status-publish"],"aioseo_notices":[],"_links":{"self":[{"href":"https:\/\/andrisr.com\/lv\/wp-json\/wp\/v2\/pages\/5639","targetHints":{"allow":["GET"]}}],"collection":[{"href":"https:\/\/andrisr.com\/lv\/wp-json\/wp\/v2\/pages"}],"about":[{"href":"https:\/\/andrisr.com\/lv\/wp-json\/wp\/v2\/types\/page"}],"author":[{"embeddable":true,"href":"https:\/\/andrisr.com\/lv\/wp-json\/wp\/v2\/users\/1"}],"replies":[{"embeddable":true,"href":"https:\/\/andrisr.com\/lv\/wp-json\/wp\/v2\/comments?post=5639"}],"version-history":[{"count":0,"href":"https:\/\/andrisr.com\/lv\/wp-json\/wp\/v2\/pages\/5639\/revisions"}],"wp:attachment":[{"href":"https:\/\/andrisr.com\/lv\/wp-json\/wp\/v2\/media?parent=5639"}],"curies":[{"name":"wp","href":"https:\/\/api.w.org\/{rel}","templated":true}]}}