{"id":3403,"date":"2024-10-23T23:58:59","date_gmt":"2024-10-23T20:58:59","guid":{"rendered":"https:\/\/andrisr.com\/about-me\/"},"modified":"2025-01-14T01:42:58","modified_gmt":"2025-01-13T23:42:58","slug":"web-un-grafiskais-dizainers-fotografs","status":"publish","type":"page","link":"https:\/\/andrisr.com\/lv\/web-un-grafiskais-dizainers-fotografs\/","title":{"rendered":"Web un grafiskais dizainers, fotogr\u0101fs"},"content":{"rendered":"[vc_row type=&#8221;full_width_background&#8221; full_screen_row_position=&#8221;middle&#8221; column_margin=&#8221;default&#8221; column_direction=&#8221;default&#8221; column_direction_tablet=&#8221;default&#8221; column_direction_phone=&#8221;default&#8221; bg_color=&#8221;#000000&#8243; scene_position=&#8221;center&#8221; text_color=&#8221;light&#8221; text_align=&#8221;left&#8221; row_border_radius=&#8221;none&#8221; row_border_radius_applies=&#8221;bg&#8221; overflow=&#8221;visible&#8221; color_overlay=&#8221;#000000&#8243; overlay_strength=&#8221;0.8&#8243; gradient_direction=&#8221;left_to_right&#8221; shape_divider_position=&#8221;bottom&#8221; bg_image_animation=&#8221;none&#8221; parallax_bg=&#8221;true&#8221; parallax_bg_speed=&#8221;medium_fast&#8221; gradient_type=&#8221;default&#8221; shape_type=&#8221;&#8221;][vc_column column_padding=&#8221;no-extra-padding&#8221; column_padding_tablet=&#8221;inherit&#8221; column_padding_phone=&#8221;inherit&#8221; column_padding_position=&#8221;all&#8221; top_margin=&#8221;9%&#8221; top_margin_tablet=&#8221;23%&#8221; top_margin_phone=&#8221;28%&#8221; bottom_margin_phone=&#8221;18%&#8221; column_element_direction_desktop=&#8221;default&#8221; column_element_spacing=&#8221;default&#8221; desktop_text_alignment=&#8221;left&#8221; tablet_text_alignment=&#8221;default&#8221; phone_text_alignment=&#8221;center&#8221; background_color_opacity=&#8221;1&#8243; background_hover_color_opacity=&#8221;1&#8243; column_backdrop_filter=&#8221;none&#8221; column_shadow=&#8221;none&#8221; column_border_radius=&#8221;none&#8221; column_link_target=&#8221;_self&#8221; column_position=&#8221;default&#8221; gradient_direction=&#8221;left_to_right&#8221; overlay_strength=&#8221;0.3&#8243; width=&#8221;1\/1&#8243; tablet_width_inherit=&#8221;default&#8221; animation_type=&#8221;default&#8221; bg_image_animation=&#8221;none&#8221; border_type=&#8221;simple&#8221; column_border_width=&#8221;none&#8221; column_border_style=&#8221;solid&#8221; column_padding_type=&#8221;default&#8221; gradient_type=&#8221;default&#8221;][vc_row_inner column_margin=&#8221;default&#8221; column_direction=&#8221;default&#8221; column_direction_tablet=&#8221;default&#8221; column_direction_phone=&#8221;default&#8221; text_align=&#8221;left&#8221; row_position=&#8221;default&#8221; row_position_tablet=&#8221;inherit&#8221; row_position_phone=&#8221;inherit&#8221; overflow=&#8221;visible&#8221; pointer_events=&#8221;all&#8221;][vc_column_inner column_padding=&#8221;no-extra-padding&#8221; column_padding_tablet=&#8221;inherit&#8221; column_padding_phone=&#8221;inherit&#8221; column_padding_position=&#8221;all&#8221; bottom_margin=&#8221;-13&#8243; column_element_direction_desktop=&#8221;default&#8221; column_element_spacing=&#8221;default&#8221; desktop_text_alignment=&#8221;default&#8221; tablet_text_alignment=&#8221;default&#8221; phone_text_alignment=&#8221;default&#8221; background_color_opacity=&#8221;1&#8243; background_hover_color_opacity=&#8221;1&#8243; column_backdrop_filter=&#8221;none&#8221; column_shadow=&#8221;none&#8221; column_border_radius=&#8221;none&#8221; column_link_target=&#8221;_self&#8221; overflow=&#8221;visible&#8221; gradient_direction=&#8221;left_to_right&#8221; overlay_strength=&#8221;0.3&#8243; width=&#8221;2\/3&#8243; tablet_width_inherit=&#8221;default&#8221; animation_type=&#8221;default&#8221; bg_image_animation=&#8221;none&#8221; border_type=&#8221;simple&#8221; column_border_width=&#8221;none&#8221; column_border_style=&#8221;solid&#8221; column_padding_type=&#8221;default&#8221; gradient_type=&#8221;default&#8221;][vc_custom_heading text=&#8221;Web un grafiskais dizainers, fotogr\u0101fs&#8221; font_container=&#8221;tag:h1|text_align:left&#8221; use_theme_fonts=&#8221;yes&#8221; css=&#8221;&#8221;][\/vc_column_inner][\/vc_row_inner][vc_column_text css=&#8221;&#8221; text_direction=&#8221;default&#8221;]Mazliet par mani, manu pieredzi un prasm\u0113m.[\/vc_column_text][divider line_type=&#8221;No Line&#8221; custom_height=&#8221;31&#8243; custom_height_tablet=&#8221;21&#8243;][\/vc_column][\/vc_row][vc_row type=&#8221;in_container&#8221; full_screen_row_position=&#8221;middle&#8221; column_margin=&#8221;40px&#8221; column_direction=&#8221;default&#8221; column_direction_tablet=&#8221;default&#8221; column_direction_phone=&#8221;default&#8221; scene_position=&#8221;center&#8221; top_padding=&#8221;74&#8243; top_padding_tablet=&#8221;57&#8243; top_padding_phone=&#8221;54&#8243; bottom_margin=&#8221;-5&#8243; bottom_margin_tablet=&#8221;-52&#8243; bottom_margin_phone=&#8221;-56&#8243; text_color=&#8221;dark&#8221; text_align=&#8221;left&#8221; row_border_radius=&#8221;none&#8221; row_border_radius_applies=&#8221;bg&#8221; overflow=&#8221;visible&#8221; overlay_strength=&#8221;0.3&#8243; gradient_direction=&#8221;left_to_right&#8221; shape_divider_position=&#8221;bottom&#8221; bg_image_animation=&#8221;none&#8221; gradient_type=&#8221;default&#8221; shape_type=&#8221;&#8221;][vc_column column_padding=&#8221;no-extra-padding&#8221; column_padding_tablet=&#8221;inherit&#8221; column_padding_phone=&#8221;inherit&#8221; column_padding_position=&#8221;all&#8221; bottom_margin=&#8221;49&#8243; bottom_margin_tablet=&#8221;44&#8243; top_margin_phone=&#8221;-3&#8243; column_element_direction_desktop=&#8221;default&#8221; column_element_spacing=&#8221;default&#8221; desktop_text_alignment=&#8221;default&#8221; tablet_text_alignment=&#8221;default&#8221; phone_text_alignment=&#8221;default&#8221; sticky_content=&#8221;true&#8221; sticky_content_functionality=&#8221;css&#8221; sticky_content_alignment=&#8221;default&#8221; background_color_opacity=&#8221;1&#8243; background_hover_color_opacity=&#8221;1&#8243; column_backdrop_filter=&#8221;none&#8221; column_shadow=&#8221;none&#8221; column_border_radius=&#8221;none&#8221; column_link_target=&#8221;_self&#8221; column_position=&#8221;default&#8221; gradient_direction=&#8221;left_to_right&#8221; overlay_strength=&#8221;0.3&#8243; width=&#8221;1\/3&#8243; tablet_width_inherit=&#8221;default&#8221; animation_type=&#8221;default&#8221; bg_image_animation=&#8221;none&#8221; border_type=&#8221;simple&#8221; column_border_width=&#8221;none&#8221; column_border_style=&#8221;solid&#8221; column_padding_type=&#8221;default&#8221; gradient_type=&#8221;default&#8221;][divider line_type=&#8221;No Line&#8221; custom_height=&#8221;10&#8243;][image_with_animation image_url=&#8221;5534&#8243; image_size=&#8221;large&#8221; animation_type=&#8221;entrance&#8221; animation=&#8221;None&#8221; animation_movement_type=&#8221;transform_y&#8221; hover_animation=&#8221;none&#8221; alignment=&#8221;&#8221; border_radius=&#8221;none&#8221; box_shadow=&#8221;none&#8221; image_loading=&#8221;default&#8221; max_width=&#8221;custom&#8221; max_width_custom_tablet=&#8221;430px&#8221; max_width_custom_phone=&#8221;250px&#8221;][\/vc_column][vc_column column_padding=&#8221;no-extra-padding&#8221; column_padding_tablet=&#8221;inherit&#8221; column_padding_phone=&#8221;inherit&#8221; column_padding_position=&#8221;all&#8221; bottom_margin_tablet=&#8221;40&#8243; column_element_direction_desktop=&#8221;default&#8221; column_element_spacing=&#8221;default&#8221; desktop_text_alignment=&#8221;default&#8221; tablet_text_alignment=&#8221;default&#8221; phone_text_alignment=&#8221;default&#8221; background_color_opacity=&#8221;1&#8243; background_hover_color_opacity=&#8221;1&#8243; column_backdrop_filter=&#8221;none&#8221; column_shadow=&#8221;none&#8221; column_border_radius=&#8221;none&#8221; column_link_target=&#8221;_self&#8221; column_position=&#8221;default&#8221; gradient_direction=&#8221;left_to_right&#8221; overlay_strength=&#8221;0.3&#8243; width=&#8221;2\/3&#8243; tablet_width_inherit=&#8221;default&#8221; animation_type=&#8221;default&#8221; bg_image_animation=&#8221;none&#8221; border_type=&#8221;simple&#8221; column_border_width=&#8221;none&#8221; column_border_style=&#8221;solid&#8221; column_padding_type=&#8221;default&#8221; gradient_type=&#8221;default&#8221;][vc_custom_heading text=&#8221;Sveiki, mani sauc Andris Rozent\u0101ls. Esmu freelance web un grafiskais dizainers, k\u0101 ar\u012b kaisl\u012bgs fotogr\u0101fs ar vair\u0101k nek\u0101 piecpadsmit gadu pieredzi no R\u012bgas&#8221; font_container=&#8221;tag:h2|text_align:left|line_height:1.15&#8243; use_theme_fonts=&#8221;yes&#8221; css=&#8221;&#8221;][divider line_type=&#8221;No Line&#8221; custom_height=&#8221;26&#8243; custom_height_tablet=&#8221;24&#8243; custom_height_phone=&#8221;26&#8243;][vc_column_text css=&#8221;&#8221; text_direction=&#8221;default&#8221;]<div class=\"shared-counts-wrap shortcode style-classic\"><a href=\"https:\/\/www.facebook.com\/sharer\/sharer.php?u=https:\/\/andrisr.com\/lv\/web-un-grafiskais-dizainers-fotografs\/&#038;display=popup&#038;ref=plugin&#038;src=share_button\" title=\"Share on Facebook\"  target=\"_blank\"  rel=\"nofollow noopener noreferrer\"  class=\"shared-counts-button facebook_shares shared-counts-no-count\" data-postid=\"3403\" data-social-network=\"Facebook\" data-social-action=\"Share\" data-social-target=\"https:\/\/andrisr.com\/lv\/web-un-grafiskais-dizainers-fotografs\/\"><span class=\"shared-counts-icon-label\"><span class=\"shared-counts-icon\"><svg version=\"1.1\" xmlns=\"http:\/\/www.w3.org\/2000\/svg\" width=\"18.8125\" height=\"32\" viewBox=\"0 0 602 1024\"><path d=\"M548 6.857v150.857h-89.714q-49.143 0-66.286 20.571t-17.143 61.714v108h167.429l-22.286 169.143h-145.143v433.714h-174.857v-433.714h-145.714v-169.143h145.714v-124.571q0-106.286 59.429-164.857t158.286-58.571q84 0 130.286 6.857z\"><\/path><\/svg><\/span><span class=\"shared-counts-label\">Share<\/span><\/span><\/a><a href=\"https:\/\/pinterest.com\/pin\/create\/button\/?url=https:\/\/andrisr.com\/lv\/web-un-grafiskais-dizainers-fotografs\/&#038;media=&#038;description=Web%20un%20grafiskais%20dizainers,%20fotogr\u0101fs\" title=\"Share on Pinterest\"  target=\"_blank\"  rel=\"nofollow noopener noreferrer\"  class=\"shared-counts-button pinterest shared-counts-no-count\" data-postid=\"3403\" data-pin-do=\"none\" data-social-network=\"Pinterest\" data-social-action=\"Pin\" data-social-target=\"https:\/\/andrisr.com\/lv\/web-un-grafiskais-dizainers-fotografs\/\"><span class=\"shared-counts-icon-label\"><span class=\"shared-counts-icon\"><svg version=\"1.1\" xmlns=\"http:\/\/www.w3.org\/2000\/svg\" width=\"22.84375\" height=\"32\" viewBox=\"0 0 731 1024\"><path d=\"M0 341.143q0-61.714 21.429-116.286t59.143-95.143 86.857-70.286 105.714-44.571 115.429-14.857q90.286 0 168 38t126.286 110.571 48.571 164q0 54.857-10.857 107.429t-34.286 101.143-57.143 85.429-82.857 58.857-108 22q-38.857 0-77.143-18.286t-54.857-50.286q-5.714 22.286-16 64.286t-13.429 54.286-11.714 40.571-14.857 40.571-18.286 35.714-26.286 44.286-35.429 49.429l-8 2.857-5.143-5.714q-8.571-89.714-8.571-107.429 0-52.571 12.286-118t38-164.286 29.714-116q-18.286-37.143-18.286-96.571 0-47.429 29.714-89.143t75.429-41.714q34.857 0 54.286 23.143t19.429 58.571q0 37.714-25.143 109.143t-25.143 106.857q0 36 25.714 59.714t62.286 23.714q31.429 0 58.286-14.286t44.857-38.857 32-54.286 21.714-63.143 11.429-63.429 3.714-56.857q0-98.857-62.571-154t-163.143-55.143q-114.286 0-190.857 74t-76.571 187.714q0 25.143 7.143 48.571t15.429 37.143 15.429 26 7.143 17.429q0 16-8.571 41.714t-21.143 25.714q-1.143 0-9.714-1.714-29.143-8.571-51.714-32t-34.857-54-18.571-61.714-6.286-60.857z\"><\/path><\/svg><\/span><span class=\"shared-counts-label\">Pin<\/span><\/span><\/a><a href=\"https:\/\/www.linkedin.com\/shareArticle?mini=true&#038;url=https:\/\/andrisr.com\/lv\/web-un-grafiskais-dizainers-fotografs\/\" title=\"Share on LinkedIn\"  target=\"_blank\"  rel=\"nofollow noopener noreferrer\"  class=\"shared-counts-button linkedin shared-counts-no-count\" data-postid=\"3403\" data-social-network=\"LinkedIn\" data-social-action=\"Share\" data-social-target=\"https:\/\/andrisr.com\/lv\/web-un-grafiskais-dizainers-fotografs\/\"><span class=\"shared-counts-icon-label\"><span class=\"shared-counts-icon\"><svg version=\"1.1\" xmlns=\"http:\/\/www.w3.org\/2000\/svg\" width=\"27.4375\" height=\"32\" viewBox=\"0 0 878 1024\"><path d=\"M199.429 357.143v566.286h-188.571v-566.286h188.571zM211.429 182.286q0.571 41.714-28.857 69.714t-77.429 28h-1.143q-46.857 0-75.429-28t-28.571-69.714q0-42.286 29.429-70t76.857-27.714 76 27.714 29.143 70zM877.714 598.857v324.571h-188v-302.857q0-60-23.143-94t-72.286-34q-36 0-60.286 19.714t-36.286 48.857q-6.286 17.143-6.286 46.286v316h-188q1.143-228 1.143-369.714t-0.571-169.143l-0.571-27.429h188v82.286h-1.143q11.429-18.286 23.429-32t32.286-29.714 49.714-24.857 65.429-8.857q97.714 0 157.143 64.857t59.429 190z\"><\/path><\/svg><\/span><span class=\"shared-counts-label\">LinkedIn<\/span><\/span><\/a><a href=\"https:\/\/twitter.com\/share?url=https:\/\/andrisr.com\/lv\/web-un-grafiskais-dizainers-fotografs\/&#038;text=Web%20un%20grafiskais%20dizainers%2C%20fotogr%C4%81fs\" title=\"Share on Twitter\"  target=\"_blank\"  rel=\"nofollow noopener noreferrer\"  class=\"shared-counts-button twitter shared-counts-no-count\" data-postid=\"3403\" data-social-network=\"Twitter\" data-social-action=\"Tweet\" data-social-target=\"https:\/\/andrisr.com\/lv\/web-un-grafiskais-dizainers-fotografs\/\"><span class=\"shared-counts-icon-label\"><span class=\"shared-counts-icon\"><svg viewBox=\"0 0 24 24\" xmlns=\"http:\/\/www.w3.org\/2000\/svg\"><path d=\"M13.8944 10.4695L21.3345 2H19.5716L13.1085 9.35244L7.95022 2H1.99936L9.80147 13.1192L1.99936 22H3.76218L10.5832 14.2338L16.0318 22H21.9827L13.8944 10.4695ZM11.4792 13.2168L10.6875 12.1089L4.39789 3.30146H7.10594L12.1833 10.412L12.9717 11.5199L19.5708 20.7619H16.8628L11.4792 13.2168Z\" \/><\/svg><\/span><span class=\"shared-counts-label\">Tweet<\/span><\/span><\/a><\/div>[\/vc_column_text][divider line_type=&#8221;No Line&#8221; custom_height=&#8221;1&#8243; custom_height_tablet=&#8221;0&#8243; custom_height_phone=&#8221;-2&#8243;][vc_column_text css=&#8221;&#8221; text_direction=&#8221;default&#8221;]\n<blockquote><p>Mana nelok\u0101m\u0101 aizrau\u0161an\u0101s ar \u0161\u012bm jom\u0101m ir \u013c\u0101vusi man izveidot unik\u0101lu perspekt\u012bvu, kas rada valdzino\u0161us dizainus un fotogr\u0101fijas<\/p><\/blockquote>\n<p>Ikdienas darb\u0101 es izstr\u0101d\u0101ju da\u017e\u0101dus digit\u0101lus un druk\u0101tus materi\u0101lus, piem\u0113ram, informat\u012bvas flajerus, prezent\u0101cijas,\u00a0<span style=\"color: #000000;\"><a style=\"color: #000000;\" href=\"https:\/\/andrisr.com\/online-store-advertising-banners\/\"><u>rekl\u0101mas banerus<\/u><\/a><\/span>, plak\u0101tus, \u017eurn\u0101lus un vizu\u0101l\u0101s identit\u0101tes. Turkl\u0101t es veidoju m\u0101jas lapas, izmantojot WordPress. Piem\u0113ram, ar\u012b savu blogu esmu izstr\u0101d\u0101jis uz WordPress b\u0101zes. Starp manis veidotajiem druk\u0101tajiem materi\u0101liem ir<span style=\"color: #000000;\">\u00a0<a style=\"color: #000000;\" href=\"https:\/\/andrisr.com\/lv\/zurnals-ligavam-13-perfekta-iedvesma-kazam\/\"><u>\u017eurn\u0101ls L\u012bgav\u0101m<\/u><\/a>,<\/span> 11., 12. un 13. izdevums, R\u012bgas Motormuzeja \u201cMaz\u0101 meh\u0101ni\u0137a rokasgr\u0101mata\u201d, k\u0101 ar\u012b\u00a0<span style=\"color: #000000;\"><a style=\"color: #000000;\" href=\"https:\/\/andrisr.com\/lv\/olimpiskas-medalas-latvijai-117-olimpisko-medalnieku-stasti\/\"><u>Olimpisk\u0101s komitejas 100. gadadienas piemi\u0146as gr\u0101mata<\/u><\/a><\/span>, kur\u0101 s\u012bki aprakst\u012btas visas Latvijas izc\u012bn\u012bt\u0101s olimpisk\u0101s meda\u013cas.<\/p>\n<p>P\u0101r\u0113jo laiku veltu fotograf\u0113\u0161anai, \u012bpa\u0161u uzman\u012bbu piev\u0113r\u0161ot pas\u0101kumu fotograf\u0113\u0161anai. \u0160\u012b joma mani fascin\u0113 ar savu daudzveid\u012bbu un neparedzamajiem apst\u0101k\u013ciem, kas var izrais\u012bt da\u017e\u0101das emocijas, no prieka l\u012bdz izmisumam. Esmu fotogr\u0101f\u0113jis t\u0101dus pas\u0101kumus, k\u0101\u00a0<span style=\"color: #000000;\"><a style=\"color: #000000;\" href=\"https:\/\/andrisr.com\/lv\/ferratum-world-rx-of-riga-latvia-2021-latvijas-posma-1-diena\/\"><u>Pasaules rallijkrosa \u010dempion\u0101tu World RX<\/u><\/a>,\u00a0<a style=\"color: #000000;\" href=\"https:\/\/andrisr.com\/lv\/mxgp-of-latvia-2023-spilgtakie-notikumi-sacikstes-lidz-uzvarai-2-diena\/\"><u>Pasaules motokrosa \u010dempion\u0101tu MXGP<\/u><\/a>,\u00a0<a style=\"color: #000000;\" href=\"https:\/\/andrisr.com\/lv\/riga-fashion-week\/\"><u>Riga Fashion Week<\/u><\/a>\u00a0<\/span>un daudzus citus<span style=\"color: #000000;\">\u00a0<a style=\"color: #000000;\" href=\"https:\/\/andrisr.com\/art-culture\/\"><u>kult\u016bras pas\u0101kumus<\/u><\/a><\/span>.<\/p>\n<p>Esmu ar\u012b akt\u012bvs soci\u0101lajos t\u012bklos\u00a0<span style=\"color: #000000;\"><a style=\"color: #000000;\" href=\"https:\/\/www.facebook.com\/andrisr38\" target=\"_blank\" rel=\"noopener\"><u>Facebook<\/u><\/a>,\u00a0<a style=\"color: #000000;\" href=\"https:\/\/www.instagram.com\/andrisr38\/\" target=\"_blank\" rel=\"noopener\"><u>Instagram<\/u><\/a>,\u00a0<a style=\"color: #000000;\" href=\"https:\/\/twitter.com\/andrisr38\" target=\"_blank\" rel=\"noopener\"><u>Twitter<\/u><\/a>, <a style=\"color: #000000;\" href=\"https:\/\/bsky.app\/profile\/andrisr.bsky.social\" target=\"_blank\" rel=\"nofollow noopener\"><u>Bluesky<\/u><\/a>\u00a0un <a style=\"color: #000000;\" href=\"https:\/\/www.threads.net\/@andrisr38\" target=\"_blank\" rel=\"noopener\"><u>Threads<\/u><\/a>,<\/span> kur j\u016bs varat atrast mani p\u0113c v\u0101rda AndrisR vai lietot\u0101jv\u0101rda @andrisr38.<\/p>\n[\/vc_column_text][divider line_type=&#8221;No Line&#8221; custom_height=&#8221;9&#8243; custom_height_tablet=&#8221;5&#8243;][vc_column_text css=&#8221;&#8221; text_direction=&#8221;default&#8221;]<div class=\"shared-counts-wrap shortcode style-classic\"><a href=\"https:\/\/www.facebook.com\/sharer\/sharer.php?u=https:\/\/andrisr.com\/lv\/web-un-grafiskais-dizainers-fotografs\/&#038;display=popup&#038;ref=plugin&#038;src=share_button\" title=\"Share on Facebook\"  target=\"_blank\"  rel=\"nofollow noopener noreferrer\"  class=\"shared-counts-button facebook_shares shared-counts-no-count\" data-postid=\"3403\" data-social-network=\"Facebook\" data-social-action=\"Share\" data-social-target=\"https:\/\/andrisr.com\/lv\/web-un-grafiskais-dizainers-fotografs\/\"><span class=\"shared-counts-icon-label\"><span class=\"shared-counts-icon\"><svg version=\"1.1\" xmlns=\"http:\/\/www.w3.org\/2000\/svg\" width=\"18.8125\" height=\"32\" viewBox=\"0 0 602 1024\"><path d=\"M548 6.857v150.857h-89.714q-49.143 0-66.286 20.571t-17.143 61.714v108h167.429l-22.286 169.143h-145.143v433.714h-174.857v-433.714h-145.714v-169.143h145.714v-124.571q0-106.286 59.429-164.857t158.286-58.571q84 0 130.286 6.857z\"><\/path><\/svg><\/span><span class=\"shared-counts-label\">Share<\/span><\/span><\/a><a href=\"https:\/\/pinterest.com\/pin\/create\/button\/?url=https:\/\/andrisr.com\/lv\/web-un-grafiskais-dizainers-fotografs\/&#038;media=&#038;description=Web%20un%20grafiskais%20dizainers,%20fotogr\u0101fs\" title=\"Share on Pinterest\"  target=\"_blank\"  rel=\"nofollow noopener noreferrer\"  class=\"shared-counts-button pinterest shared-counts-no-count\" data-postid=\"3403\" data-pin-do=\"none\" data-social-network=\"Pinterest\" data-social-action=\"Pin\" data-social-target=\"https:\/\/andrisr.com\/lv\/web-un-grafiskais-dizainers-fotografs\/\"><span class=\"shared-counts-icon-label\"><span class=\"shared-counts-icon\"><svg version=\"1.1\" xmlns=\"http:\/\/www.w3.org\/2000\/svg\" width=\"22.84375\" height=\"32\" viewBox=\"0 0 731 1024\"><path d=\"M0 341.143q0-61.714 21.429-116.286t59.143-95.143 86.857-70.286 105.714-44.571 115.429-14.857q90.286 0 168 38t126.286 110.571 48.571 164q0 54.857-10.857 107.429t-34.286 101.143-57.143 85.429-82.857 58.857-108 22q-38.857 0-77.143-18.286t-54.857-50.286q-5.714 22.286-16 64.286t-13.429 54.286-11.714 40.571-14.857 40.571-18.286 35.714-26.286 44.286-35.429 49.429l-8 2.857-5.143-5.714q-8.571-89.714-8.571-107.429 0-52.571 12.286-118t38-164.286 29.714-116q-18.286-37.143-18.286-96.571 0-47.429 29.714-89.143t75.429-41.714q34.857 0 54.286 23.143t19.429 58.571q0 37.714-25.143 109.143t-25.143 106.857q0 36 25.714 59.714t62.286 23.714q31.429 0 58.286-14.286t44.857-38.857 32-54.286 21.714-63.143 11.429-63.429 3.714-56.857q0-98.857-62.571-154t-163.143-55.143q-114.286 0-190.857 74t-76.571 187.714q0 25.143 7.143 48.571t15.429 37.143 15.429 26 7.143 17.429q0 16-8.571 41.714t-21.143 25.714q-1.143 0-9.714-1.714-29.143-8.571-51.714-32t-34.857-54-18.571-61.714-6.286-60.857z\"><\/path><\/svg><\/span><span class=\"shared-counts-label\">Pin<\/span><\/span><\/a><a href=\"https:\/\/www.linkedin.com\/shareArticle?mini=true&#038;url=https:\/\/andrisr.com\/lv\/web-un-grafiskais-dizainers-fotografs\/\" title=\"Share on LinkedIn\"  target=\"_blank\"  rel=\"nofollow noopener noreferrer\"  class=\"shared-counts-button linkedin shared-counts-no-count\" data-postid=\"3403\" data-social-network=\"LinkedIn\" data-social-action=\"Share\" data-social-target=\"https:\/\/andrisr.com\/lv\/web-un-grafiskais-dizainers-fotografs\/\"><span class=\"shared-counts-icon-label\"><span class=\"shared-counts-icon\"><svg version=\"1.1\" xmlns=\"http:\/\/www.w3.org\/2000\/svg\" width=\"27.4375\" height=\"32\" viewBox=\"0 0 878 1024\"><path d=\"M199.429 357.143v566.286h-188.571v-566.286h188.571zM211.429 182.286q0.571 41.714-28.857 69.714t-77.429 28h-1.143q-46.857 0-75.429-28t-28.571-69.714q0-42.286 29.429-70t76.857-27.714 76 27.714 29.143 70zM877.714 598.857v324.571h-188v-302.857q0-60-23.143-94t-72.286-34q-36 0-60.286 19.714t-36.286 48.857q-6.286 17.143-6.286 46.286v316h-188q1.143-228 1.143-369.714t-0.571-169.143l-0.571-27.429h188v82.286h-1.143q11.429-18.286 23.429-32t32.286-29.714 49.714-24.857 65.429-8.857q97.714 0 157.143 64.857t59.429 190z\"><\/path><\/svg><\/span><span class=\"shared-counts-label\">LinkedIn<\/span><\/span><\/a><a href=\"https:\/\/twitter.com\/share?url=https:\/\/andrisr.com\/lv\/web-un-grafiskais-dizainers-fotografs\/&#038;text=Web%20un%20grafiskais%20dizainers%2C%20fotogr%C4%81fs\" title=\"Share on Twitter\"  target=\"_blank\"  rel=\"nofollow noopener noreferrer\"  class=\"shared-counts-button twitter shared-counts-no-count\" data-postid=\"3403\" data-social-network=\"Twitter\" data-social-action=\"Tweet\" data-social-target=\"https:\/\/andrisr.com\/lv\/web-un-grafiskais-dizainers-fotografs\/\"><span class=\"shared-counts-icon-label\"><span class=\"shared-counts-icon\"><svg viewBox=\"0 0 24 24\" xmlns=\"http:\/\/www.w3.org\/2000\/svg\"><path d=\"M13.8944 10.4695L21.3345 2H19.5716L13.1085 9.35244L7.95022 2H1.99936L9.80147 13.1192L1.99936 22H3.76218L10.5832 14.2338L16.0318 22H21.9827L13.8944 10.4695ZM11.4792 13.2168L10.6875 12.1089L4.39789 3.30146H7.10594L12.1833 10.412L12.9717 11.5199L19.5708 20.7619H16.8628L11.4792 13.2168Z\" \/><\/svg><\/span><span class=\"shared-counts-label\">Tweet<\/span><\/span><\/a><\/div>[\/vc_column_text][divider line_type=&#8221;No Line&#8221; custom_height=&#8221;15&#8243; custom_height_phone=&#8221;1&#8243; custom_height_tablet=&#8221;1&#8243;][\/vc_column][\/vc_row]\n","protected":false},"excerpt":{"rendered":"<p>[vc_row type=&#8221;full_width_background&#8221; full_screen_row_position=&#8221;middle&#8221; column_margin=&#8221;default&#8221; column_direction=&#8221;default&#8221; column_direction_tablet=&#8221;default&#8221; column_direction_phone=&#8221;default&#8221; bg_color=&#8221;#000000&#8243; scene_position=&#8221;center&#8221; text_color=&#8221;light&#8221; text_align=&#8221;left&#8221; row_border_radius=&#8221;none&#8221; row_border_radius_applies=&#8221;bg&#8221; overflow=&#8221;visible&#8221; color_overlay=&#8221;#000000&#8243; overlay_strength=&#8221;0.8&#8243; gradient_direction=&#8221;left_to_right&#8221; shape_divider_position=&#8221;bottom&#8221; bg_image_animation=&#8221;none&#8221; parallax_bg=&#8221;true&#8221; parallax_bg_speed=&#8221;medium_fast&#8221; gradient_type=&#8221;default&#8221; shape_type=&#8221;&#8221;][vc_column column_padding=&#8221;no-extra-padding&#8221; column_padding_tablet=&#8221;inherit&#8221; column_padding_phone=&#8221;inherit&#8221; column_padding_position=&#8221;all&#8221; top_margin=&#8221;9%&#8221; top_margin_tablet=&#8221;23%&#8221; top_margin_phone=&#8221;28%&#8221;&#8230;<\/p>\n","protected":false},"author":1,"featured_media":0,"parent":0,"menu_order":0,"comment_status":"closed","ping_status":"closed","template":"","meta":{"inline_featured_image":false,"footnotes":""},"class_list":["post-3403","page","type-page","status-publish"],"aioseo_notices":[],"_links":{"self":[{"href":"https:\/\/andrisr.com\/lv\/wp-json\/wp\/v2\/pages\/3403","targetHints":{"allow":["GET"]}}],"collection":[{"href":"https:\/\/andrisr.com\/lv\/wp-json\/wp\/v2\/pages"}],"about":[{"href":"https:\/\/andrisr.com\/lv\/wp-json\/wp\/v2\/types\/page"}],"author":[{"embeddable":true,"href":"https:\/\/andrisr.com\/lv\/wp-json\/wp\/v2\/users\/1"}],"replies":[{"embeddable":true,"href":"https:\/\/andrisr.com\/lv\/wp-json\/wp\/v2\/comments?post=3403"}],"version-history":[{"count":0,"href":"https:\/\/andrisr.com\/lv\/wp-json\/wp\/v2\/pages\/3403\/revisions"}],"wp:attachment":[{"href":"https:\/\/andrisr.com\/lv\/wp-json\/wp\/v2\/media?parent=3403"}],"curies":[{"name":"wp","href":"https:\/\/api.w.org\/{rel}","templated":true}]}}